{"id":51,"date":"2023-10-24T20:13:37","date_gmt":"2023-10-24T20:13:37","guid":{"rendered":"http:\/\/asemigra.com\/?page_id=51"},"modified":"2023-10-24T20:14:35","modified_gmt":"2023-10-24T20:14:35","slug":"organizacion-2","status":"publish","type":"page","link":"http:\/\/asemigra.com\/index.php\/organizacion-2\/","title":{"rendered":"Estructura y Organizaci\u00f3n"},"content":{"rendered":"\n<p>La Asamblea General es el \u00f3rgano supremo de la Asociaci\u00f3n, la cual nombra democr\u00e1ticamente a la Junta Directiva y al \u00d3rgano de Fiscal.\u00a0La Ley de las Asociaciones Solidaristas 6970 confiere a la Junta Directiva, la responsabilidad de dictar las pol\u00edticas de administraci\u00f3n y gesti\u00f3n, por lo que debe responder por su actuar ante todos los asociados. Adem\u00e1s, lleva una labor intr\u00ednseca con el \u00d3rgano de Fiscal\u00eda al velar por la buena gesti\u00f3n por parte de la Administraci\u00f3n de ASEMIGRA<\/p>\n\n\n\n<figure class=\"wp-block-table\"><table><tbody><tr><td class=\"has-text-align-center\" data-align=\"center\"><strong>Junta Directiva:<\/strong><br>WAYNER ANTONIO QUESADA CALVO (Presidencia)<br><br>CINDY MOLINA MORA (Vicepresidencia)<br><br>PAOLO YARDANI CASCANTE MARIN (Secretar\u00eda)<br><br>RODOLFO ORLANDO CAMPOS CHAC\u00d3N (Tesorer\u00eda)<br>ADA MAR\u00cdA PORRAS SALAZAR (Vocal 1)<br><br>CARLOS EDUARDO CAMACHO VARGAS (Vocal 2)<br><br>KEVIN ALBERTO PALACIOS D\u00cdAZ (Vocal 3)<\/td><td class=\"has-text-align-center\" data-align=\"center\"><strong>\u00d3rgano de la  Fiscal\u00eda:<\/strong><br>JONATHAN RICARDO ROJAS MART\u00cdNEZ (Fiscal)<br>SIEDY MU\u00d1OZ CARAVACA (Fiscal Suplente)<br><br><strong>Representante Patronal<\/strong>:<br>DAGUER HERNANDEZ VASQUEZ (Representante Patrono)<br><br><strong>Administraci\u00f3n<\/strong><br>KAREN CASTRO VILLALOBOS (Administradora)<br><br>MARCELA BARQUERO CHAC\u00d3N (Asistente Administrativo)<\/td><\/tr><\/tbody><\/table><\/figure>\n","protected":false},"excerpt":{"rendered":"<p>La Asamblea General es el \u00f3rgano supremo de la Asociaci\u00f3n, la cual nombra democr\u00e1ticamente a la Junta Directiva y al \u00d3rgano de Fiscal.\u00a0La Ley de las Asociaciones Solidaristas 6970 confiere a la Junta Directiva, la responsabilidad de dictar las pol\u00edticas de administraci\u00f3n y gesti\u00f3n, por lo que debe responder por su actuar ante todos los &hellip; <\/p>\n<p class=\"link-more\"><a href=\"http:\/\/asemigra.com\/index.php\/organizacion-2\/\" class=\"more-link\">Read more<span class=\"screen-reader-text\"> &#8220;Estructura y Organizaci\u00f3n&#8221;<\/span><\/a><\/p>\n","protected":false},"author":1,"featured_media":0,"parent":0,"menu_order":0,"comment_status":"closed","ping_status":"closed","template":"","meta":{"footnotes":""},"class_list":["post-51","page","type-page","status-publish","hentry"],"_links":{"self":[{"href":"http:\/\/asemigra.com\/index.php\/wp-json\/wp\/v2\/pages\/51","targetHints":{"allow":["GET"]}}],"collection":[{"href":"http:\/\/asemigra.com\/index.php\/wp-json\/wp\/v2\/pages"}],"about":[{"href":"http:\/\/asemigra.com\/index.php\/wp-json\/wp\/v2\/types\/page"}],"author":[{"embeddable":true,"href":"http:\/\/asemigra.com\/index.php\/wp-json\/wp\/v2\/users\/1"}],"replies":[{"embeddable":true,"href":"http:\/\/asemigra.com\/index.php\/wp-json\/wp\/v2\/comments?post=51"}],"version-history":[{"count":2,"href":"http:\/\/asemigra.com\/index.php\/wp-json\/wp\/v2\/pages\/51\/revisions"}],"predecessor-version":[{"id":53,"href":"http:\/\/asemigra.com\/index.php\/wp-json\/wp\/v2\/pages\/51\/revisions\/53"}],"wp:attachment":[{"href":"http:\/\/asemigra.com\/index.php\/wp-json\/wp\/v2\/media?parent=51"}],"curies":[{"name":"wp","href":"https:\/\/api.w.org\/{rel}","templated":true}]}}