{"id":14,"date":"2023-10-24T17:47:25","date_gmt":"2023-10-24T17:47:25","guid":{"rendered":"http:\/\/asemigra.com\/?page_id=14"},"modified":"2023-10-25T16:22:02","modified_gmt":"2023-10-25T16:22:02","slug":"nosotros","status":"publish","type":"page","link":"http:\/\/asemigra.com\/index.php\/nosotros\/","title":{"rendered":"NOSOTROS"},"content":{"rendered":"\n<p><strong>Cu\u00e1les son los fines primordiales de una Asociaci\u00f3n Solidarista?<\/strong><\/p>\n\n\n\n<ul class=\"wp-block-list\">\n<li><em>Procurar la justicia y paz social<\/em><\/li>\n\n\n\n<li><em>Armon\u00eda obrero-patronal<\/em><\/li>\n\n\n\n<li><em>Desarrollo integral de sus asociados<\/em><\/li>\n<\/ul>\n\n\n\n<div class=\"wp-block-columns alignwide is-layout-flex wp-container-core-columns-is-layout-9d6595d7 wp-block-columns-is-layout-flex\">\n<div class=\"wp-block-column is-layout-flow wp-block-column-is-layout-flow\">\n<figure class=\"wp-block-image size-full\"><img fetchpriority=\"high\" decoding=\"async\" width=\"261\" height=\"208\" src=\"https:\/\/asemigra.com\/wp-content\/uploads\/2023\/10\/2023-10-24-16_38_29-Window.png\" alt=\"\" class=\"wp-image-105\"\/><\/figure>\n\n\n\n<p class=\"has-black-color has-text-color has-medium-font-size\">Valores<\/p>\n\n\n\n<p>Solidaridad<br>Lealtad<br>Transparencia<br>Igualdad<br>Excelencia<br>Responsabilidad<br>Honestidad<\/p>\n\n\n\n<p>\u00a0\u00a0\u00a0 <\/p>\n<\/div>\n\n\n\n<div class=\"wp-block-column is-layout-flow wp-block-column-is-layout-flow\">\n<figure class=\"wp-block-image size-full\"><img decoding=\"async\" width=\"275\" height=\"218\" src=\"https:\/\/asemigra.com\/wp-content\/uploads\/2023\/10\/2023-10-24-16_37_12-Window.png\" alt=\"\" class=\"wp-image-103\"\/><\/figure>\n\n\n\n<p class=\"has-black-color has-text-color has-medium-font-size\">Misi\u00f3n<\/p>\n\n\n\n<p class=\"has-text-color\" style=\"color:#7a7a7a\">Somos una Asociaci\u00f3n con sentido social, comprometida a mejorar la calidad de vida de los asociados y su n\u00facleo familiar, a trav\u00e9s del desarrollo de programas de servicios.<\/p>\n<\/div>\n\n\n\n<div class=\"wp-block-column is-layout-flow wp-block-column-is-layout-flow\">\n<figure class=\"wp-block-image size-full\"><img decoding=\"async\" width=\"252\" height=\"208\" src=\"https:\/\/asemigra.com\/wp-content\/uploads\/2023\/10\/2023-10-24-16_37_24-Window.png\" alt=\"\" class=\"wp-image-104\"\/><\/figure>\n\n\n\n<p class=\"has-black-color has-text-color has-medium-font-size\">Visi\u00f3n<\/p>\n\n\n\n<p class=\"has-text-color\" style=\"color:#7a7a7a\">Consolidar la Asociaci\u00f3n mediante el desarrollo de bases firmes, para convertirla en una organizaci\u00f3n que sirva de apoyo para el mejoramiento de la calidad de vida de los Asociados.<\/p>\n<\/div>\n<\/div>\n\n\n\n<h3 class=\"wp-block-heading has-small-font-size\" id=\"inspiro-is-a-digital-product-agency-that-focuses-on-strategy-and-desig\" style=\"font-weight:300\"><\/h3>\n\n\n\n<figure class=\"wp-block-embed alignwide is-type-video is-provider-youtube wp-block-embed-youtube wp-embed-aspect-4-3 wp-has-aspect-ratio\"><div class=\"wp-block-embed__wrapper\">\n<iframe title=\"Padre del Solidarismo en Costa Rica - Alberto Mart\u00e9n\" width=\"950\" height=\"713\" src=\"https:\/\/www.youtube.com\/embed\/ZlrRkf3T3QI?feature=oembed\" frameborder=\"0\" allow=\"accelerometer; autoplay; clipboard-write; encrypted-media; gyroscope; picture-in-picture; web-share\" allowfullscreen><\/iframe>\n<\/div><\/figure>\n\n\n\n<div class=\"wp-block-cover alignfull\" style=\"padding-top:50px;padding-right:50px;padding-bottom:50px;padding-left:50px;min-height:316px;aspect-ratio:unset;\"><span aria-hidden=\"true\" class=\"wp-block-cover__background has-black-background-color has-background-dim-100 has-background-dim\"><\/span><div class=\"wp-block-cover__inner-container is-layout-flow wp-block-cover-is-layout-flow\">\n<div class=\"wp-block-columns are-vertically-aligned-center is-layout-flex wp-container-core-columns-is-layout-9d6595d7 wp-block-columns-is-layout-flex\">\n<div class=\"wp-block-column is-vertically-aligned-center is-layout-flow wp-block-column-is-layout-flow\" style=\"padding-top:20px;padding-right:0px;padding-bottom:20px;padding-left:0px\">\n<div class=\"wp-block-group is-content-justification-space-between is-nowrap is-layout-flex wp-container-core-group-is-layout-7ef4459a wp-block-group-is-layout-flex\">\n<figure class=\"wp-block-image size-full\"><img decoding=\"async\" src=\"https:\/\/asemigra.com\/wp-content\/themes\/inspiro\/assets\/images\/laurel_left.png\" alt=\"\"\/><\/figure>\n\n\n\n<div class=\"wp-block-group\"><div class=\"wp-block-group__inner-container is-layout-flow wp-block-group-is-layout-flow\">\n<p class=\"has-text-align-center has-white-color has-text-color\" style=\"font-size:18px;line-height:1\"><strong>&#8220;ASEMIGRA&#8221;<br><\/strong><\/p>\n<\/div><\/div>\n\n\n\n<figure class=\"wp-block-image size-full\"><img decoding=\"async\" src=\"https:\/\/asemigra.com\/wp-content\/themes\/inspiro\/assets\/images\/laurel_right.png\" alt=\"\"\/><\/figure>\n<\/div>\n<\/div>\n\n\n\n<div class=\"wp-block-column is-vertically-aligned-center is-layout-flow wp-block-column-is-layout-flow\" style=\"padding-top:20px;padding-right:0px;padding-bottom:20px;padding-left:0px\">\n<div class=\"wp-block-group is-content-justification-space-between is-nowrap is-layout-flex wp-container-core-group-is-layout-7ef4459a wp-block-group-is-layout-flex\">\n<figure class=\"wp-block-image size-full\"><img decoding=\"async\" src=\"https:\/\/asemigra.com\/wp-content\/themes\/inspiro\/assets\/images\/laurel_left.png\" alt=\"\"\/><\/figure>\n\n\n\n<div class=\"wp-block-group\"><div class=\"wp-block-group__inner-container is-layout-flow wp-block-group-is-layout-flow\">\n<p class=\"has-text-align-center has-white-color has-text-color\" style=\"font-size:18px;line-height:1\"><strong>&#8220;ASOCIACI\u00d3N&#8221;<\/strong><\/p>\n<\/div><\/div>\n\n\n\n<figure class=\"wp-block-image size-full\"><img decoding=\"async\" src=\"https:\/\/asemigra.com\/wp-content\/themes\/inspiro\/assets\/images\/laurel_right.png\" alt=\"\"\/><\/figure>\n<\/div>\n<\/div>\n\n\n\n<div class=\"wp-block-column is-vertically-aligned-center is-layout-flow wp-block-column-is-layout-flow\" style=\"padding-top:20px;padding-right:0px;padding-bottom:20px;padding-left:0px\">\n<div class=\"wp-block-group is-content-justification-space-between is-nowrap is-layout-flex wp-container-core-group-is-layout-7ef4459a wp-block-group-is-layout-flex\">\n<figure class=\"wp-block-image size-full\"><img decoding=\"async\" src=\"https:\/\/asemigra.com\/wp-content\/themes\/inspiro\/assets\/images\/laurel_left.png\" alt=\"\"\/><\/figure>\n\n\n\n<div class=\"wp-block-group\"><div class=\"wp-block-group__inner-container is-layout-flow wp-block-group-is-layout-flow\">\n<p class=\"has-text-align-center has-white-color has-text-color\" style=\"font-size:18px;line-height:1\"><strong>&#8220;SOLIDARISTA&#8221;<\/strong><br><\/p>\n<\/div><\/div>\n\n\n\n<figure class=\"wp-block-image size-full\"><img decoding=\"async\" src=\"https:\/\/asemigra.com\/wp-content\/themes\/inspiro\/assets\/images\/laurel_right.png\" alt=\"\"\/><\/figure>\n<\/div>\n<\/div>\n<\/div>\n<\/div><\/div>\n","protected":false},"excerpt":{"rendered":"<p>Cu\u00e1les son los fines primordiales de una Asociaci\u00f3n Solidarista? Valores SolidaridadLealtadTransparenciaIgualdadExcelenciaResponsabilidadHonestidad \u00a0\u00a0\u00a0 Misi\u00f3n Somos una Asociaci\u00f3n con sentido social, comprometida a mejorar la calidad de vida de los asociados y su n\u00facleo familiar, a trav\u00e9s del desarrollo de programas de servicios. Visi\u00f3n Consolidar la Asociaci\u00f3n mediante el desarrollo de bases firmes, para convertirla en una &hellip; <\/p>\n<p class=\"link-more\"><a href=\"http:\/\/asemigra.com\/index.php\/nosotros\/\" class=\"more-link\">Read more<span class=\"screen-reader-text\"> &#8220;NOSOTROS&#8221;<\/span><\/a><\/p>\n","protected":false},"author":1,"featured_media":12,"parent":0,"menu_order":0,"comment_status":"closed","ping_status":"closed","template":"","meta":{"footnotes":""},"class_list":["post-14","page","type-page","status-publish","has-post-thumbnail","hentry"],"_links":{"self":[{"href":"http:\/\/asemigra.com\/index.php\/wp-json\/wp\/v2\/pages\/14","targetHints":{"allow":["GET"]}}],"collection":[{"href":"http:\/\/asemigra.com\/index.php\/wp-json\/wp\/v2\/pages"}],"about":[{"href":"http:\/\/asemigra.com\/index.php\/wp-json\/wp\/v2\/types\/page"}],"author":[{"embeddable":true,"href":"http:\/\/asemigra.com\/index.php\/wp-json\/wp\/v2\/users\/1"}],"replies":[{"embeddable":true,"href":"http:\/\/asemigra.com\/index.php\/wp-json\/wp\/v2\/comments?post=14"}],"version-history":[{"count":4,"href":"http:\/\/asemigra.com\/index.php\/wp-json\/wp\/v2\/pages\/14\/revisions"}],"predecessor-version":[{"id":107,"href":"http:\/\/asemigra.com\/index.php\/wp-json\/wp\/v2\/pages\/14\/revisions\/107"}],"wp:featuredmedia":[{"embeddable":true,"href":"http:\/\/asemigra.com\/index.php\/wp-json\/wp\/v2\/media\/12"}],"wp:attachment":[{"href":"http:\/\/asemigra.com\/index.php\/wp-json\/wp\/v2\/media?parent=14"}],"curies":[{"name":"wp","href":"https:\/\/api.w.org\/{rel}","templated":true}]}}