{"id":13,"date":"2023-10-24T17:47:25","date_gmt":"2023-10-24T17:47:25","guid":{"rendered":"http:\/\/asemigra.com\/?page_id=13"},"modified":"2023-10-25T19:18:16","modified_gmt":"2023-10-25T19:18:16","slug":"beautiful-portfolios-for-exceptional-creatives","status":"publish","type":"page","link":"http:\/\/asemigra.com\/","title":{"rendered":""},"content":{"rendered":"<style>\/*! elementor - v3.17.0 - 25-10-2023 *\/<br \/>\n.elementor-widget-image-carousel .swiper,.elementor-widget-image-carousel .swiper-container{position:static}.elementor-widget-image-carousel .swiper-container .swiper-slide figure,.elementor-widget-image-carousel .swiper .swiper-slide figure{line-height:inherit}.elementor-widget-image-carousel .swiper-slide{text-align:center}.elementor-image-carousel-wrapper:not(.swiper-container-initialized):not(.swiper-initialized) .swiper-slide{max-width:calc(100% \/ var(--e-image-carousel-slides-to-show, 3))}<\/style>\n<figure><img decoding=\"async\" src=\"https:\/\/asemigra.com\/wp-content\/uploads\/2023\/10\/slide2.jpg\" alt=\"slide2\" \/><\/figure>\n\n\n<p class=\"has-text-align-center\"><h3>Estructura Y Organizaci\u00f3n<\/h3><\/p>\n\n\n\n<p>La Asamblea General es el \u00f3rgano supremo de la Asociaci\u00f3n, la cual nombra democr\u00e1ticamente a la Junta Directiva y al \u00d3rgano de Fiscal. La Ley de las Asociaciones Solidaristas 6970 confiere a la Junta Directiva, la responsabilidad de dictar las pol\u00edticas de administraci\u00f3n y gesti\u00f3n, por lo que debe responder por su actuar ante todos los asociados. Adem\u00e1s, lleva una labor intr\u00ednseca con el \u00d3rgano de Fiscal\u00eda al velar por la buena gesti\u00f3n por parte de la Administraci\u00f3n de ASEMIGRA.<\/p>\n\n\n\n<div class=\"wp-block-group alignfull has-background\" style=\"background-color:#e5e9ec\"><div class=\"wp-block-group__inner-container is-layout-flow wp-block-group-is-layout-flow\">\n<div class=\"wp-block-columns is-layout-flex wp-container-core-columns-is-layout-9d6595d7 wp-block-columns-is-layout-flex\">\n<div class=\"wp-block-column is-vertically-aligned-center is-layout-flow wp-block-column-is-layout-flow\">\n<h2 class=\"wp-block-heading\">Acerca de Asemigra<\/h2>\n\n\n\n<p>ASEMIGRA nace el 26 de noviembre del 2009 gracias a varios colaboradores de la Direcci\u00f3n General de Migraci\u00f3n y Extranjer\u00eda que tuvieron la visi\u00f3n de buscar y fundar una organizaci\u00f3n sin fines de lucro y que se dedica exclusivamente a prestar servicios al personal de Migraci\u00f3n y Extranjer\u00eda, se consolida como ASOCIACI\u00d3N SOLIDARISTA DE EMPLEADOS DE LA DIRECCI\u00d3N GENERAL DE MIGRACI\u00d3N Y EXTRANJER\u00cdA.<\/p>\n\n\n\n<div class=\"wp-block-buttons is-horizontal is-content-justification-left is-layout-flex wp-container-core-buttons-is-layout-7e5fce0a wp-block-buttons-is-layout-flex\">\n<div class=\"wp-block-button\"><a class=\"wp-block-button__link wp-element-button\" href=\"https:\/\/asemigra.com\/index.php\/nosotros\/\">Ver mas<\/a><\/div>\n<\/div>\n\n\n\n<p>&nbsp;<\/p>\n<\/div>\n\n\n\n<div class=\"wp-block-column is-layout-flow wp-block-column-is-layout-flow\">\n<div style=\"height:48px\" aria-hidden=\"true\" class=\"wp-block-spacer\"><\/div>\n\n\n\n<figure class=\"wp-block-image size-full\"><img fetchpriority=\"high\" decoding=\"async\" width=\"628\" height=\"421\" src=\"https:\/\/asemigra.com\/wp-content\/uploads\/2023\/10\/2023-10-24-16_13_09-Window.png\" alt=\"\" class=\"wp-image-92\" srcset=\"http:\/\/asemigra.com\/wp-content\/uploads\/2023\/10\/2023-10-24-16_13_09-Window.png 628w, http:\/\/asemigra.com\/wp-content\/uploads\/2023\/10\/2023-10-24-16_13_09-Window-300x201.png 300w\" sizes=\"(max-width: 628px) 100vw, 628px\" \/><\/figure>\n<\/div>\n<\/div>\n<\/div><\/div>\n\n\n\n<p>&nbsp;<\/p>\n\n\n\n<div class=\"wp-block-group alignfull\"><div class=\"wp-block-group__inner-container is-layout-flow wp-block-group-is-layout-flow\">\n<div class=\"wp-block-columns are-vertically-aligned-center is-layout-flex wp-container-core-columns-is-layout-9d6595d7 wp-block-columns-is-layout-flex\">\n<div class=\"wp-block-column is-vertically-aligned-center is-layout-flow wp-block-column-is-layout-flow\">\n<div style=\"height:48px\" aria-hidden=\"true\" class=\"wp-block-spacer\"><\/div>\n\n\n\n<figure class=\"wp-block-image size-large is-resized\"><img decoding=\"async\" src=\"https:\/\/asemigra.com\/wp-content\/uploads\/2023\/10\/NOTIASEMI-1024x576.jpg\" alt=\"\" class=\"wp-image-89\" style=\"width:393px;height:221px\" width=\"393\" height=\"221\" srcset=\"http:\/\/asemigra.com\/wp-content\/uploads\/2023\/10\/NOTIASEMI-1024x576.jpg 1024w, http:\/\/asemigra.com\/wp-content\/uploads\/2023\/10\/NOTIASEMI-300x169.jpg 300w, http:\/\/asemigra.com\/wp-content\/uploads\/2023\/10\/NOTIASEMI-768x432.jpg 768w, http:\/\/asemigra.com\/wp-content\/uploads\/2023\/10\/NOTIASEMI.jpg 1280w\" sizes=\"(max-width: 393px) 100vw, 393px\" \/><\/figure>\n<\/div>\n\n\n\n<div class=\"wp-block-column is-vertically-aligned-center is-layout-flow wp-block-column-is-layout-flow\">\n<h2 class=\"wp-block-heading\">Nuestros servicios<\/h2>\n\n\n\n<p>Cabe mencionar que una Asociaci\u00f3n Solidarista es el instrumento que pone en pr\u00e1ctica el Solidarismo, una ideolog\u00eda costarricense que tiene sus bases filos\u00f3ficas gracias al Dr. Alberto Mart\u00e9n Chavarr\u00eda (1947). Se rigen por la Ley de Asociaciones Solidaristas N\u00ba 6970 y su Reglamento.<\/p>\n\n\n\n<div class=\"wp-block-buttons is-layout-flex wp-block-buttons-is-layout-flex\">\n<div class=\"wp-block-button\"><a class=\"wp-block-button__link wp-element-button\" href=\"#\">Servicios<\/a><\/div>\n<\/div>\n<\/div>\n<\/div>\n<\/div><\/div>\n\n\n\n<div class=\"wp-block-group alignfull has-background\" style=\"background-color:#e5e9ec\"><div class=\"wp-block-group__inner-container is-layout-flow wp-block-group-is-layout-flow\">\n<div class=\"wp-block-columns is-layout-flex wp-container-core-columns-is-layout-9d6595d7 wp-block-columns-is-layout-flex\">\n<div class=\"wp-block-column is-vertically-aligned-center is-layout-flow wp-block-column-is-layout-flow\">\n<h1 class=\"wp-block-heading has-text-align-center\">Valores<\/h1>\n\n\n\n<p class=\"has-text-align-center\">Solidaridad<\/p>\n\n\n\n<p class=\"has-text-align-center\">\u00a0\u00a0\u00a0 Lealtad<\/p>\n\n\n\n<p class=\"has-text-align-center\">\u00a0\u00a0\u00a0 Transparencia<\/p>\n\n\n\n<p class=\"has-text-align-center\">\u00a0\u00a0\u00a0 Igualdad<\/p>\n\n\n\n<p class=\"has-text-align-center\">\u00a0\u00a0\u00a0 Excelencia<\/p>\n\n\n\n<p class=\"has-text-align-center\">\u00a0\u00a0\u00a0 Responsabilidad<\/p>\n\n\n\n<p class=\"has-text-align-center\">\u00a0\u00a0\u00a0 Honestidad<\/p>\n\n\n\n<p>&nbsp;<\/p>\n<\/div>\n\n\n\n<div class=\"wp-block-column is-layout-flow wp-block-column-is-layout-flow\">\n<div style=\"height:48px\" aria-hidden=\"true\" class=\"wp-block-spacer\"><\/div>\n\n\n\n<figure class=\"wp-block-image size-full\"><img decoding=\"async\" width=\"800\" height=\"533\" src=\"https:\/\/asemigra.com\/wp-content\/uploads\/2023\/10\/proyectoaSE.jpeg\" alt=\"\" class=\"wp-image-94\" srcset=\"http:\/\/asemigra.com\/wp-content\/uploads\/2023\/10\/proyectoaSE.jpeg 800w, http:\/\/asemigra.com\/wp-content\/uploads\/2023\/10\/proyectoaSE-300x200.jpeg 300w, http:\/\/asemigra.com\/wp-content\/uploads\/2023\/10\/proyectoaSE-768x512.jpeg 768w\" sizes=\"(max-width: 800px) 100vw, 800px\" \/><\/figure>\n<\/div>\n<\/div>\n<\/div><\/div>\n\n\n\n<div class=\"wp-block-group alignfull has-black-background-color has-background\"><div class=\"wp-block-group__inner-container is-layout-flow wp-block-group-is-layout-flow\">\n<h2 class=\"wp-block-heading has-text-align-center has-white-color has-text-color\"><strong>G<\/strong>aler\u00eda<\/h2>\n\n\n\n<figure class=\"wp-block-gallery aligncenter has-nested-images columns-default is-cropped wp-block-gallery-1 is-layout-flex wp-block-gallery-is-layout-flex\">\n<figure class=\"wp-block-image size-large\"><img loading=\"lazy\" decoding=\"async\" width=\"620\" height=\"413\" data-id=\"99\" src=\"https:\/\/asemigra.com\/wp-content\/uploads\/2023\/10\/SOLID.webp\" alt=\"\" class=\"wp-image-99\" srcset=\"http:\/\/asemigra.com\/wp-content\/uploads\/2023\/10\/SOLID.webp 620w, http:\/\/asemigra.com\/wp-content\/uploads\/2023\/10\/SOLID-300x200.webp 300w\" sizes=\"(max-width: 620px) 100vw, 620px\" \/><\/figure>\n\n\n\n<figure class=\"wp-block-image size-large\"><img loading=\"lazy\" decoding=\"async\" width=\"1024\" height=\"943\" data-id=\"97\" src=\"https:\/\/asemigra.com\/wp-content\/uploads\/2023\/10\/contactenos-as-1-1024x943.png\" alt=\"\" class=\"wp-image-97\" srcset=\"http:\/\/asemigra.com\/wp-content\/uploads\/2023\/10\/contactenos-as-1-1024x943.png 1024w, http:\/\/asemigra.com\/wp-content\/uploads\/2023\/10\/contactenos-as-1-300x276.png 300w, http:\/\/asemigra.com\/wp-content\/uploads\/2023\/10\/contactenos-as-1-768x707.png 768w, http:\/\/asemigra.com\/wp-content\/uploads\/2023\/10\/contactenos-as-1.png 1486w\" sizes=\"(max-width: 1024px) 100vw, 1024px\" \/><\/figure>\n\n\n\n<figure class=\"wp-block-image size-large\"><img loading=\"lazy\" decoding=\"async\" width=\"296\" height=\"296\" data-id=\"98\" src=\"https:\/\/asemigra.com\/wp-content\/uploads\/2023\/10\/asen.jpg\" alt=\"\" class=\"wp-image-98\" srcset=\"http:\/\/asemigra.com\/wp-content\/uploads\/2023\/10\/asen.jpg 296w, http:\/\/asemigra.com\/wp-content\/uploads\/2023\/10\/asen-150x150.jpg 150w\" sizes=\"(max-width: 296px) 100vw, 296px\" \/><\/figure>\n\n\n\n<figure class=\"wp-block-image size-large\"><img loading=\"lazy\" decoding=\"async\" width=\"800\" height=\"533\" data-id=\"96\" src=\"https:\/\/asemigra.com\/wp-content\/uploads\/2023\/10\/proyectoaSE-1.jpeg\" alt=\"\" class=\"wp-image-96\" srcset=\"http:\/\/asemigra.com\/wp-content\/uploads\/2023\/10\/proyectoaSE-1.jpeg 800w, http:\/\/asemigra.com\/wp-content\/uploads\/2023\/10\/proyectoaSE-1-300x200.jpeg 300w, http:\/\/asemigra.com\/wp-content\/uploads\/2023\/10\/proyectoaSE-1-768x512.jpeg 768w\" sizes=\"(max-width: 800px) 100vw, 800px\" \/><\/figure>\n\n\n\n<figure class=\"wp-block-image size-large\"><img decoding=\"async\" data-id=\"24\" src=\"https:\/\/asemigra.com\/wp-content\/themes\/inspiro\/assets\/images\/StockSnap_89BQZ89TLH.jpg\" alt=\"\" class=\"wp-image-24\"\/><\/figure>\n\n\n\n<figure class=\"wp-block-image size-large\"><img loading=\"lazy\" decoding=\"async\" width=\"1024\" height=\"659\" data-id=\"29\" src=\"https:\/\/asemigra.com\/wp-content\/uploads\/2023\/10\/cropped-ase-1-1024x659.jpg\" alt=\"\" class=\"wp-image-29\" srcset=\"http:\/\/asemigra.com\/wp-content\/uploads\/2023\/10\/cropped-ase-1-1024x659.jpg 1024w, http:\/\/asemigra.com\/wp-content\/uploads\/2023\/10\/cropped-ase-1-300x193.jpg 300w, http:\/\/asemigra.com\/wp-content\/uploads\/2023\/10\/cropped-ase-1-768x494.jpg 768w, http:\/\/asemigra.com\/wp-content\/uploads\/2023\/10\/cropped-ase-1-1536x988.jpg 1536w, http:\/\/asemigra.com\/wp-content\/uploads\/2023\/10\/cropped-ase-1.jpg 2000w\" sizes=\"(max-width: 1024px) 100vw, 1024px\" \/><\/figure>\n<\/figure>\n<\/div><\/div>\n\n\n\n<div class=\"wp-block-cover alignfull has-parallax\" style=\"min-height:375px;aspect-ratio:unset;\"><span aria-hidden=\"true\" class=\"wp-block-cover__background has-black-background-color has-background-dim-40 has-background-dim\"><\/span><div role=\"img\" class=\"wp-block-cover__image-background wp-image-24 has-parallax\" style=\"background-position:50% 50%;background-image:url(https:\/\/asemigra.com\/wp-content\/themes\/inspiro\/assets\/images\/StockSnap_89BQZ89TLH.jpg)\"><\/div><div class=\"wp-block-cover__inner-container is-layout-flow wp-block-cover-is-layout-flow\">\n<p class=\"has-text-align-center has-text-color has-huge-font-size\" style=\"color:#fffffa;line-height:1.1\">JUNTA DIRECTIVA:\u00a0<\/p>\n\n\n\n<p class=\"has-text-align-center\">WAYNER ANTONIO QUESADA CALVO (Presidencia)<br><br>CINDY MOLINA MORA (Vicepresidencia)<br><br>PAOLO YARDANI CASCANTE MARIN (Secretar\u00eda)<br><br>RODOLFO ORLANDO CAMPOS CHAC\u00d3N (Tesorer\u00eda)<br><br>ADA MAR\u00cdA PORRAS SALAZAR (Vocal 1)<br><br>CARLOS EDUARDO CAMACHO VARGAS (Vocal 2)<br><br>KEVIN ALBERTO PALACIOS D\u00cdAZ (Vocal 3)<\/p>\n\n\n\n<p class=\"has-text-align-center\"><p>&nbsp;<\/p><\/p>\n\n\n\n<div class=\"wp-block-buttons is-horizontal is-content-justification-center is-layout-flex wp-container-core-buttons-is-layout-499968f5 wp-block-buttons-is-layout-flex\">\n<div class=\"wp-block-button\"><a class=\"wp-block-button__link has-white-color has-text-color wp-element-button\" href=\"https:\/\/asemigra.com\/index.php\/organizacion-2\/\">Ver mas<\/a><\/div>\n<\/div>\n<\/div><\/div>\n","protected":false},"excerpt":{"rendered":"<p>Estructura Y Organizaci\u00f3n La Asamblea General es el \u00f3rgano supremo de la Asociaci\u00f3n, la cual nombra democr\u00e1ticamente a la Junta Directiva y al \u00d3rgano de Fiscal. La Ley de las Asociaciones Solidaristas 6970 confiere a la Junta Directiva, la responsabilidad de dictar las pol\u00edticas de administraci\u00f3n y gesti\u00f3n, por lo que debe responder por su &hellip; <\/p>\n<p class=\"link-more\"><a href=\"http:\/\/asemigra.com\/\" class=\"more-link\">Read more<span class=\"screen-reader-text\"> &#8220;&#8221;<\/span><\/a><\/p>\n","protected":false},"author":1,"featured_media":12,"parent":0,"menu_order":0,"comment_status":"closed","ping_status":"closed","template":"","meta":{"footnotes":""},"class_list":["post-13","page","type-page","status-publish","has-post-thumbnail","hentry"],"_links":{"self":[{"href":"http:\/\/asemigra.com\/index.php\/wp-json\/wp\/v2\/pages\/13","targetHints":{"allow":["GET"]}}],"collection":[{"href":"http:\/\/asemigra.com\/index.php\/wp-json\/wp\/v2\/pages"}],"about":[{"href":"http:\/\/asemigra.com\/index.php\/wp-json\/wp\/v2\/types\/page"}],"author":[{"embeddable":true,"href":"http:\/\/asemigra.com\/index.php\/wp-json\/wp\/v2\/users\/1"}],"replies":[{"embeddable":true,"href":"http:\/\/asemigra.com\/index.php\/wp-json\/wp\/v2\/comments?post=13"}],"version-history":[{"count":58,"href":"http:\/\/asemigra.com\/index.php\/wp-json\/wp\/v2\/pages\/13\/revisions"}],"predecessor-version":[{"id":176,"href":"http:\/\/asemigra.com\/index.php\/wp-json\/wp\/v2\/pages\/13\/revisions\/176"}],"wp:featuredmedia":[{"embeddable":true,"href":"http:\/\/asemigra.com\/index.php\/wp-json\/wp\/v2\/media\/12"}],"wp:attachment":[{"href":"http:\/\/asemigra.com\/index.php\/wp-json\/wp\/v2\/media?parent=13"}],"curies":[{"name":"wp","href":"https:\/\/api.w.org\/{rel}","templated":true}]}}